{"id":1901,"date":"2025-08-21T14:50:07","date_gmt":"2025-08-21T14:50:07","guid":{"rendered":"http:\/\/isufi.com\/jobs\/"},"modified":"2025-12-17T15:10:15","modified_gmt":"2025-12-17T15:10:15","slug":"jobs","status":"publish","type":"page","link":"https:\/\/isufi.com\/de\/jobs\/","title":{"rendered":"Jobs"},"content":{"rendered":"\t\t<div data-elementor-type=\"wp-page\" data-elementor-id=\"1901\" class=\"elementor elementor-1901 elementor-1492\" data-elementor-post-type=\"page\">\n\t\t\t\t<div class=\"elementor-element elementor-element-d07bf2a e-flex e-con-boxed e-con e-parent\" data-id=\"d07bf2a\" data-element_type=\"container\" data-e-type=\"container\">\n\t\t\t\t\t<div class=\"e-con-inner\">\n\t\t<div class=\"elementor-element elementor-element-8edc057 e-con-full e-flex e-con e-child\" data-id=\"8edc057\" data-element_type=\"container\" data-e-type=\"container\">\n\t\t<div class=\"elementor-element elementor-element-adf0bde e-con-full e-flex e-con e-child\" data-id=\"adf0bde\" data-element_type=\"container\" data-e-type=\"container\" data-settings=\"{&quot;background_background&quot;:&quot;classic&quot;}\">\n\t\t<div class=\"elementor-element elementor-element-7a3440b e-con-full e-flex e-con e-child\" data-id=\"7a3440b\" data-element_type=\"container\" data-e-type=\"container\" data-settings=\"{&quot;background_background&quot;:&quot;classic&quot;}\">\n\t\t\t\t<div class=\"elementor-element elementor-element-ef63387 elementor-widget elementor-widget-heading\" data-id=\"ef63387\" data-element_type=\"widget\" data-e-type=\"widget\" data-widget_type=\"heading.default\">\n\t\t\t\t\t<h6 class=\"elementor-heading-title elementor-size-default\">Jobs<\/h6>\t\t\t\t<\/div>\n\t\t\t\t<\/div>\n\t\t\t\t<\/div>\n\t\t\t\t<div class=\"elementor-element elementor-element-fd7286d elementor-widget elementor-widget-heading\" data-id=\"fd7286d\" data-element_type=\"widget\" data-e-type=\"widget\" data-widget_type=\"heading.default\">\n\t\t\t\t\t<h2 class=\"elementor-heading-title elementor-size-default\">Kommen Sie in unser Team!<\/h2>\t\t\t\t<\/div>\n\t\t\t\t<div class=\"elementor-element elementor-element-490e58b elementor-widget__width-initial elementor-widget elementor-widget-text-editor\" data-id=\"490e58b\" data-element_type=\"widget\" data-e-type=\"widget\" data-widget_type=\"text-editor.default\">\n\t\t\t\t\t\t\t\t\t<p>Wir sind immer auf der Suche nach gro\u00dfartigen Menschen. Wenn Sie glauben, dass Sie das Zeug dazu haben, Teil unseres gro\u00dfartigen Teams zu werden, dann w\u00fcrden wir uns freuen, von Ihnen zu h\u00f6ren. <\/p><p>Schicken Sie uns Ihren Lebenslauf und Ihr Motivationsschreiben und eines unserer Teammitglieder wird sich in K\u00fcrze mit Ihnen in Verbindung setzen, um die M\u00f6glichkeiten in unserem Unternehmen zu besprechen.<\/p>\t\t\t\t\t\t\t\t<\/div>\n\t\t\t\t<\/div>\n\t\t\t\t\t<\/div>\n\t\t\t\t<\/div>\n\t\t<div class=\"elementor-element elementor-element-1ccbe3b e-con-full e-flex e-con e-parent\" data-id=\"1ccbe3b\" data-element_type=\"container\" data-e-type=\"container\">\n\t\t<div class=\"elementor-element elementor-element-5318c20 e-con-full e-flex e-con e-child\" data-id=\"5318c20\" data-element_type=\"container\" data-e-type=\"container\" data-settings=\"{&quot;background_background&quot;:&quot;classic&quot;}\">\n\t\t\t\t<div class=\"elementor-element elementor-element-32b9447 elementor-button-align-stretch elementor-widget elementor-widget-form\" data-id=\"32b9447\" data-element_type=\"widget\" data-e-type=\"widget\" data-settings=\"{&quot;step_next_label&quot;:&quot;N\\u00e4chste&quot;,&quot;step_previous_label&quot;:&quot;Vorherige&quot;,&quot;button_width&quot;:&quot;100&quot;,&quot;step_type&quot;:&quot;number_text&quot;,&quot;step_icon_shape&quot;:&quot;circle&quot;}\" data-widget_type=\"form.default\">\n\t\t\t\t\t\t\t<form class=\"elementor-form\" method=\"post\" name=\"Neue Form\" aria-label=\"Neue Form\">\n\t\t\t<input type=\"hidden\" name=\"post_id\" value=\"1901\"\/>\n\t\t\t<input type=\"hidden\" name=\"form_id\" value=\"32b9447\"\/>\n\t\t\t<input type=\"hidden\" name=\"referer_title\" value=\"Jobs - ISUFI | Integrated Facility Services\" \/>\n\n\t\t\t\t\t\t\t<input type=\"hidden\" name=\"queried_id\" value=\"1901\"\/>\n\t\t\t\n\t\t\t<div class=\"elementor-form-fields-wrapper elementor-labels-above\">\n\t\t\t\t\t\t\t\t<div class=\"elementor-field-type-text elementor-field-group elementor-column elementor-field-group-name elementor-col-50 elementor-field-required\">\n\t\t\t\t\t\t\t\t\t\t\t\t<label for=\"form-field-name\" class=\"elementor-field-label\">\n\t\t\t\t\t\t\t\tVorname\t\t\t\t\t\t\t<\/label>\n\t\t\t\t\t\t\t\t\t\t\t\t\t\t<input size=\"1\" type=\"text\" name=\"form_fields[name]\" id=\"form-field-name\" class=\"elementor-field elementor-size-md  elementor-field-textual\" placeholder=\"John\" required=\"required\">\n\t\t\t\t\t\t\t\t\t\t\t<\/div>\n\t\t\t\t\t\t\t\t<div class=\"elementor-field-type-text elementor-field-group elementor-column elementor-field-group-field_665b1e0 elementor-col-50 elementor-field-required\">\n\t\t\t\t\t\t\t\t\t\t\t\t<label for=\"form-field-field_665b1e0\" class=\"elementor-field-label\">\n\t\t\t\t\t\t\t\tNachname\t\t\t\t\t\t\t<\/label>\n\t\t\t\t\t\t\t\t\t\t\t\t\t\t<input size=\"1\" type=\"text\" name=\"form_fields[field_665b1e0]\" id=\"form-field-field_665b1e0\" class=\"elementor-field elementor-size-md  elementor-field-textual\" placeholder=\"Doe\" required=\"required\">\n\t\t\t\t\t\t\t\t\t\t\t<\/div>\n\t\t\t\t\t\t\t\t<div class=\"elementor-field-type-email elementor-field-group elementor-column elementor-field-group-email elementor-col-100 elementor-field-required\">\n\t\t\t\t\t\t\t\t\t\t\t\t<label for=\"form-field-email\" class=\"elementor-field-label\">\n\t\t\t\t\t\t\t\tE-Mail\t\t\t\t\t\t\t<\/label>\n\t\t\t\t\t\t\t\t\t\t\t\t\t\t<input size=\"1\" type=\"email\" name=\"form_fields[email]\" id=\"form-field-email\" class=\"elementor-field elementor-size-md  elementor-field-textual\" placeholder=\"Ihre E-Mail hier...\" required=\"required\">\n\t\t\t\t\t\t\t\t\t\t\t<\/div>\n\t\t\t\t\t\t\t\t<div class=\"elementor-field-type-tel elementor-field-group elementor-column elementor-field-group-field_a2d70a4 elementor-col-100 elementor-field-required\">\n\t\t\t\t\t\t\t\t\t\t\t\t<label for=\"form-field-field_a2d70a4\" class=\"elementor-field-label\">\n\t\t\t\t\t\t\t\tRufnummer\t\t\t\t\t\t\t<\/label>\n\t\t\t\t\t\t\t\t<input size=\"1\" type=\"tel\" name=\"form_fields[field_a2d70a4]\" id=\"form-field-field_a2d70a4\" class=\"elementor-field elementor-size-md  elementor-field-textual\" placeholder=\"+49\" required=\"required\" pattern=\"[0-9()#&amp;+*-=.]+\" title=\"Nur Nummern oder Telefon-Zeichen (#, -, *, etc) werden akzeptiert.\">\n\n\t\t\t\t\t\t<\/div>\n\t\t\t\t\t\t\t\t<div class=\"elementor-field-type-upload elementor-field-group elementor-column elementor-field-group-message elementor-col-100 elementor-field-required\">\n\t\t\t\t\t\t\t\t\t\t\t\t<label for=\"form-field-message\" class=\"elementor-field-label\">\n\t\t\t\t\t\t\t\tCV\t\t\t\t\t\t\t<\/label>\n\t\t\t\t\t\t\t\t<input type=\"file\" name=\"form_fields[message]\" id=\"form-field-message\" class=\"elementor-field elementor-size-md  elementor-upload-field\" required=\"required\">\n\n\t\t\t\t\t\t<\/div>\n\t\t\t\t\t\t\t\t<div class=\"elementor-field-type-checkbox elementor-field-group elementor-column elementor-field-group-field_9b6e878 elementor-col-100\">\n\t\t\t\t\t<div class=\"elementor-field-subgroup  \"><span class=\"elementor-field-option\"><input type=\"checkbox\" value=\"Sie erkl\u00e4ren sich mit unserer freundlichen Datenschutzpolitik einverstanden.\" id=\"form-field-field_9b6e878-0\" name=\"form_fields[field_9b6e878]\"> <label for=\"form-field-field_9b6e878-0\">Sie erkl\u00e4ren sich mit unserer freundlichen Datenschutzpolitik einverstanden.<\/label><\/span><\/div>\t\t\t\t<\/div>\n\t\t\t\t\t\t\t\t<div class=\"elementor-field-type-recaptcha elementor-field-group elementor-column elementor-field-group-field_f9c4ddd elementor-col-100\">\n\t\t\t\t\t<div class=\"elementor-field\" id=\"form-field-field_f9c4ddd\"><div class=\"elementor-g-recaptcha\" data-sitekey=\"6LfCni4sAAAAAOORwfanGs7hcH_wA0JoM0lzV96b\" data-type=\"v2_checkbox\" data-theme=\"light\" data-size=\"normal\"><\/div><\/div>\t\t\t\t<\/div>\n\t\t\t\t\t\t\t\t<div class=\"elementor-field-group elementor-column elementor-field-type-submit elementor-col-100 e-form__buttons\">\n\t\t\t\t\t<button class=\"elementor-button elementor-size-sm\" type=\"submit\">\n\t\t\t\t\t\t<span class=\"elementor-button-content-wrapper\">\n\t\t\t\t\t\t\t\t\t\t\t\t\t\t\t\t\t\t\t\t\t\t<span class=\"elementor-button-text\">Nachricht senden<\/span>\n\t\t\t\t\t\t\t\t\t\t\t\t\t<\/span>\n\t\t\t\t\t<\/button>\n\t\t\t\t<\/div>\n\t\t\t<\/div>\n\t\t<\/form>\n\t\t\t\t\t\t<\/div>\n\t\t\t\t<div class=\"elementor-element elementor-element-1ea65a9 elementor-widget elementor-widget-html\" data-id=\"1ea65a9\" data-element_type=\"widget\" data-e-type=\"widget\" data-widget_type=\"html.default\">\n\t\t\t\t\t<script>(function () {\n  \/\/ <- change if your file field ID is different\n  const FILE_INPUT_ID = 'form-field-message';\n\n  function enhanceUpload(form) {\n    const input = form.querySelector('#' + FILE_INPUT_ID);\n    if (!input) return;\n\n    \/\/ avoid double wrap\n    if (input.parentElement && input.parentElement.classList.contains('custom-upload')) return;\n\n    const wrapper = document.createElement('div');\n    wrapper.className = 'custom-upload';\n    input.parentElement.insertBefore(wrapper, input);\n    wrapper.appendChild(input);\n\n    Object.assign(input.style, {\n      position: 'absolute',\n      inset: '0',\n      width: '100%',\n      height: '100%',\n      opacity: '0',\n      cursor: 'pointer'\n    });\n\n    function updateText() {\n      if (input.files && input.files.length) {\n        wrapper.setAttribute('data-filename', input.files[0].name);\n      } else {\n        wrapper.removeAttribute('data-filename');\n      }\n    }\n    input.addEventListener('change', updateText);\n\n    ['dragenter','dragover'].forEach(evt =>wrapper.addEventListener(evt, e => { e.preventDefault(); e.stopPropagation(); wrapper.classList.add('dragover'); })\n    );\n    ['dragleave','dragend','drop'].forEach(evt =>wrapper.addEventListener(evt, e => { e.preventDefault(); e.stopPropagation(); wrapper.classList.remove('dragover'); })\n    );\n    wrapper.addEventListener('drop', e => {\n      if (e.dataTransfer && e.dataTransfer.files && e.dataTransfer.files.length) {\n        input.files = e.dataTransfer.files;\n        updateText();\n        input.dispatchEvent(new Event('change', { bubbles: true }));\n      }\n    });\n  }\n\n  function resetUpload(form) {\n    const input  = form.querySelector('#' + FILE_INPUT_ID);\n    if (!input) return;\n    const wrapper = input.closest('.custom-upload');\n\n    \/\/ clear the chosen file\n    input.value = ''; \/\/ clears input.files\n\n    \/\/ clean UI\n    if (wrapper) {\n      wrapper.classList.remove('dragover');\n      wrapper.removeAttribute('data-filename');\n    }\n  }\n\n  \/\/ initial enhance for any forms already on the page\n  document.querySelectorAll('form.elementor-form').forEach(enhanceUpload);\n\n  \/\/ re-enhance if Elementor renders forms later (popups\/AJAX, etc.)\n  document.addEventListener('elementor\/render\/complete', () => {\n    document.querySelectorAll('form.elementor-form').forEach(enhanceUpload);\n  });\n  document.addEventListener('elementor\/popup\/show', () => {\n    document.querySelectorAll('form.elementor-form').forEach(enhanceUpload);\n  });\n\n  \/\/ robust success detection without relying on form IDs:\n  \/\/ watch for the success message being added inside any .elementor-form\n  const observer = new MutationObserver((mutations) => {\n    for (const m of mutations) {\n      for (const node of m.addedNodes) {\n        if (!(node instanceof HTMLElement)) continue;\n\n        \/\/ if a success message appears or is contained within the added node\n        const successEl =\n          node.matches?.('.elementor-message-success, .elementor-form-success') ? node :\n          node.querySelector?.('.elementor-message-success, .elementor-form-success');\n\n        if (successEl) {\n          const form = successEl.closest('form.elementor-form');\n          if (form) {\n            resetUpload(form);\n            \/\/ in case Elementor re-rendered the field after success, re-enhance and reset again shortly\n            setTimeout(() => { enhanceUpload(form); resetUpload(form); }, 50);\n            setTimeout(() => { enhanceUpload(form); resetUpload(form); }, 250);\n          }\n        }\n      }\n    }\n  });\n  observer.observe(document.body, { childList: true, subtree: true });\n\n  \/\/ safety net: if the input already holds a file on load, ensure UI reflects it\n  window.addEventListener('load', () => {\n    document.querySelectorAll('form.elementor-form').forEach(form => {\n      const input = form.querySelector('#' + FILE_INPUT_ID);\n      if (input) enhanceUpload(form);\n    });\n  });\n})();\n<\/script>\t\t\t\t<\/div>\n\t\t\t\t<\/div>\n\t\t<div class=\"elementor-element elementor-element-0953f47 e-con-full e-flex e-con e-child\" data-id=\"0953f47\" data-element_type=\"container\" data-e-type=\"container\" data-settings=\"{&quot;background_background&quot;:&quot;classic&quot;}\">\n\t\t\t\t<\/div>\n\t\t\t\t<\/div>\n\t\t\t\t<\/div>\n\t\t","protected":false},"excerpt":{"rendered":"<p>Jobs Kommen Sie in unser Team! Wir sind immer auf der Suche nach gro\u00dfartigen Menschen. Wenn Sie glauben, dass Sie das Zeug dazu haben, Teil unseres gro\u00dfartigen Teams zu werden, dann w\u00fcrden wir uns freuen, von Ihnen zu h\u00f6ren. Schicken Sie uns Ihren Lebenslauf und Ihr Motivationsschreiben und eines unserer Teammitglieder wird sich in K\u00fcrze [&hellip;]<\/p>\n","protected":false},"author":1,"featured_media":0,"parent":0,"menu_order":0,"comment_status":"closed","ping_status":"closed","template":"","meta":{"_acf_changed":false,"inline_featured_image":false,"footnotes":""},"class_list":["post-1901","page","type-page","status-publish","hentry"],"acf":[],"_links":{"self":[{"href":"https:\/\/isufi.com\/de\/wp-json\/wp\/v2\/pages\/1901","targetHints":{"allow":["GET"]}}],"collection":[{"href":"https:\/\/isufi.com\/de\/wp-json\/wp\/v2\/pages"}],"about":[{"href":"https:\/\/isufi.com\/de\/wp-json\/wp\/v2\/types\/page"}],"author":[{"embeddable":true,"href":"https:\/\/isufi.com\/de\/wp-json\/wp\/v2\/users\/1"}],"replies":[{"embeddable":true,"href":"https:\/\/isufi.com\/de\/wp-json\/wp\/v2\/comments?post=1901"}],"version-history":[{"count":7,"href":"https:\/\/isufi.com\/de\/wp-json\/wp\/v2\/pages\/1901\/revisions"}],"predecessor-version":[{"id":2187,"href":"https:\/\/isufi.com\/de\/wp-json\/wp\/v2\/pages\/1901\/revisions\/2187"}],"wp:attachment":[{"href":"https:\/\/isufi.com\/de\/wp-json\/wp\/v2\/media?parent=1901"}],"curies":[{"name":"wp","href":"https:\/\/api.w.org\/{rel}","templated":true}]}}