{"id":1890,"date":"2025-02-05T10:50:41","date_gmt":"2025-02-05T10:50:41","guid":{"rendered":"http:\/\/isufi.com\/warum-isufi\/"},"modified":"2025-11-28T18:58:55","modified_gmt":"2025-11-28T18:58:55","slug":"warum-isufi","status":"publish","type":"page","link":"https:\/\/isufi.com\/de\/warum-isufi\/","title":{"rendered":"Warum ISUFI?"},"content":{"rendered":"\t\t<div data-elementor-type=\"wp-page\" data-elementor-id=\"1890\" class=\"elementor elementor-1890 elementor-801\" data-elementor-post-type=\"page\">\n\t\t\t\t<div class=\"elementor-element elementor-element-c119d7e e-flex e-con-boxed e-con e-parent\" data-id=\"c119d7e\" data-element_type=\"container\" data-e-type=\"container\">\n\t\t\t\t\t<div class=\"e-con-inner\">\n\t\t<div class=\"elementor-element elementor-element-ca7019d e-con-full e-flex e-con e-child\" data-id=\"ca7019d\" data-element_type=\"container\" data-e-type=\"container\">\n\t\t<div class=\"elementor-element elementor-element-e26da71 e-con-full e-flex e-con e-child\" data-id=\"e26da71\" data-element_type=\"container\" data-e-type=\"container\" data-settings=\"{&quot;background_background&quot;:&quot;classic&quot;}\">\n\t\t<div class=\"elementor-element elementor-element-ac445cf e-con-full e-flex e-con e-child\" data-id=\"ac445cf\" data-element_type=\"container\" data-e-type=\"container\" data-settings=\"{&quot;background_background&quot;:&quot;classic&quot;}\">\n\t\t\t\t<div class=\"elementor-element elementor-element-aa2e6fc elementor-widget elementor-widget-heading\" data-id=\"aa2e6fc\" data-element_type=\"widget\" data-e-type=\"widget\" data-widget_type=\"heading.default\">\n\t\t\t\t\t<h6 class=\"elementor-heading-title elementor-size-default\">Unsere Geschichte<\/h6>\t\t\t\t<\/div>\n\t\t\t\t<\/div>\n\t\t\t\t<\/div>\n\t\t\t\t<div class=\"elementor-element elementor-element-ab863c7 elementor-widget elementor-widget-heading\" data-id=\"ab863c7\" data-element_type=\"widget\" data-e-type=\"widget\" data-widget_type=\"heading.default\">\n\t\t\t\t\t<h2 class=\"elementor-heading-title elementor-size-default\">Warum ISUFI?<\/h2>\t\t\t\t<\/div>\n\t\t\t\t<div class=\"elementor-element elementor-element-3b638c9 elementor-widget elementor-widget-text-editor\" data-id=\"3b638c9\" data-element_type=\"widget\" data-e-type=\"widget\" data-widget_type=\"text-editor.default\">\n\t\t\t\t\t\t\t\t\t<p>ISUFI wurde 2004 als Ein-Mann-Reinigungsunternehmen gegr\u00fcndet und hat sich zu einem zuverl\u00e4ssigen Anbieter von Geb\u00e4udedienstleistungen mit \u00fcber 50 engagierten Mitarbeitern entwickelt.<\/p><p>Seit mehr als 20 Jahren liefern wir hochwertige, flexible und sichere L\u00f6sungen f\u00fcr eine Vielzahl von Kunden &#8211; von f\u00fchrenden Betreibern von Rechenzentren und weltweit t\u00e4tigen Unternehmen bis hin zu Architekten, medizinischen Einrichtungen und lokalen Unternehmen.<\/p><p>Unser Fokus liegt auf der Kombination von Wachstum und Exzellenz: Wir bauen unsere Dienstleistungen kontinuierlich aus und halten dabei die h\u00f6chsten Standards in Bezug auf Qualit\u00e4t, Compliance und Arbeitssicherheit ein.<\/p><p>Jeder Kunde erh\u00e4lt die pers\u00f6nliche Aufmerksamkeit und die ma\u00dfgeschneiderten Dienstleistungen, die er verdient &#8211; ganz gleich, ob es sich um ein komplexes Rechenzentrumsprojekt oder die laufende Betreuung der Einrichtung handelt.<\/p><p>Unser Engagement f\u00fcr Zuverl\u00e4ssigkeit, Flexibilit\u00e4t und Qualit\u00e4t hat uns zu einem starken Partner f\u00fcr einige der gr\u00f6\u00dften Unternehmen der Branche gemacht.<\/p>\t\t\t\t\t\t\t\t<\/div>\n\t\t\t\t<\/div>\n\t\t<div class=\"elementor-element elementor-element-dc0939a e-con-full e-flex e-con e-child\" data-id=\"dc0939a\" data-element_type=\"container\" data-e-type=\"container\">\n\t\t\t\t<div class=\"elementor-element elementor-element-644c170 elementor-widget elementor-widget-image\" data-id=\"644c170\" data-element_type=\"widget\" data-e-type=\"widget\" data-widget_type=\"image.default\">\n\t\t\t\t\t\t\t\t\t\t\t\t\t\t\t<img fetchpriority=\"high\" decoding=\"async\" width=\"1024\" height=\"901\" src=\"https:\/\/isufi.com\/wp-content\/uploads\/2025\/02\/Screenshot-2025-02-05-at-12.01.22-png.webp\" class=\"attachment-large size-large wp-image-465\" alt=\"\" srcset=\"https:\/\/isufi.com\/wp-content\/uploads\/2025\/02\/Screenshot-2025-02-05-at-12.01.22-png.webp 1417w, https:\/\/isufi.com\/wp-content\/uploads\/2025\/02\/Screenshot-2025-02-05-at-12.01.22-1227x1080.webp 1227w, https:\/\/isufi.com\/wp-content\/uploads\/2025\/02\/Screenshot-2025-02-05-at-12.01.22-767x675.webp 767w, https:\/\/isufi.com\/wp-content\/uploads\/2025\/02\/Screenshot-2025-02-05-at-12.01.22-491x432.webp 491w\" sizes=\"(max-width: 1024px) 100vw, 1024px\" \/>\t\t\t\t\t\t\t\t\t\t\t\t\t\t\t<\/div>\n\t\t\t\t<\/div>\n\t\t\t\t\t<\/div>\n\t\t\t\t<\/div>\n\t\t<div class=\"elementor-element elementor-element-f01b869 e-flex e-con-boxed e-con e-parent\" data-id=\"f01b869\" data-element_type=\"container\" data-e-type=\"container\">\n\t\t\t\t\t<div class=\"e-con-inner\">\n\t\t<div class=\"elementor-element elementor-element-9c5b6af e-con-full e-flex e-con e-child\" data-id=\"9c5b6af\" data-element_type=\"container\" data-e-type=\"container\" data-settings=\"{&quot;background_background&quot;:&quot;classic&quot;}\">\n\t\t<div class=\"elementor-element elementor-element-3cbf60e e-con-full e-flex e-con e-child\" data-id=\"3cbf60e\" data-element_type=\"container\" data-e-type=\"container\">\n\t\t\t\t<div class=\"elementor-element elementor-element-2588b27 elementor-widget elementor-widget-counter\" data-id=\"2588b27\" data-element_type=\"widget\" data-e-type=\"widget\" data-widget_type=\"counter.default\">\n\t\t\t\t\t\t\t<div class=\"elementor-counter\">\n\t\t\t<div class=\"elementor-counter-title\">Geb\u00e4ude verwalten<\/div>\t\t\t<div class=\"elementor-counter-number-wrapper\">\n\t\t\t\t<span class=\"elementor-counter-number-prefix\"><\/span>\n\t\t\t\t<span class=\"elementor-counter-number\" data-duration=\"2000\" data-to-value=\"40\" data-from-value=\"0\" data-delimiter=\",\">0<\/span>\n\t\t\t\t<span class=\"elementor-counter-number-suffix\">+<\/span>\n\t\t\t<\/div>\n\t\t<\/div>\n\t\t\t\t\t\t<\/div>\n\t\t\t\t<div class=\"elementor-element elementor-element-df09ad1 elementor-widget elementor-widget-text-editor\" data-id=\"df09ad1\" data-element_type=\"widget\" data-e-type=\"widget\" data-widget_type=\"text-editor.default\">\n\t\t\t\t\t\t\t\t\t<p>Wir haben uns f\u00fcr die Verwaltung von Einrichtungen zusammengeschlossen.<\/p>\n\t\t\t\t\t\t\t\t<\/div>\n\t\t\t\t<\/div>\n\t\t<div class=\"elementor-element elementor-element-9f07555 e-con-full e-flex e-con e-child\" data-id=\"9f07555\" data-element_type=\"container\" data-e-type=\"container\">\n\t\t\t\t<div class=\"elementor-element elementor-element-e9f3976 elementor-widget elementor-widget-counter\" data-id=\"e9f3976\" data-element_type=\"widget\" data-e-type=\"widget\" data-widget_type=\"counter.default\">\n\t\t\t\t\t\t\t<div class=\"elementor-counter\">\n\t\t\t<div class=\"elementor-counter-title\">Abgeschlossene Projekte<\/div>\t\t\t<div class=\"elementor-counter-number-wrapper\">\n\t\t\t\t<span class=\"elementor-counter-number-prefix\"><\/span>\n\t\t\t\t<span class=\"elementor-counter-number\" data-duration=\"2000\" data-to-value=\"400\" data-from-value=\"0\" data-delimiter=\",\">0<\/span>\n\t\t\t\t<span class=\"elementor-counter-number-suffix\">+<\/span>\n\t\t\t<\/div>\n\t\t<\/div>\n\t\t\t\t\t\t<\/div>\n\t\t\t\t<div class=\"elementor-element elementor-element-ad2bd9b elementor-widget elementor-widget-text-editor\" data-id=\"ad2bd9b\" data-element_type=\"widget\" data-e-type=\"widget\" data-widget_type=\"text-editor.default\">\n\t\t\t\t\t\t\t\t\t<p>Wir haben mehr als 400 fantastische Projekte zusammengestellt!<\/p>\n\t\t\t\t\t\t\t\t<\/div>\n\t\t\t\t<\/div>\n\t\t<div class=\"elementor-element elementor-element-ac584dd e-con-full e-flex e-con e-child\" data-id=\"ac584dd\" data-element_type=\"container\" data-e-type=\"container\">\n\t\t\t\t<div class=\"elementor-element elementor-element-4dae936 elementor-widget elementor-widget-counter\" data-id=\"4dae936\" data-element_type=\"widget\" data-e-type=\"widget\" data-widget_type=\"counter.default\">\n\t\t\t\t\t\t\t<div class=\"elementor-counter\">\n\t\t\t<div class=\"elementor-counter-title\">Mitarbeiter<\/div>\t\t\t<div class=\"elementor-counter-number-wrapper\">\n\t\t\t\t<span class=\"elementor-counter-number-prefix\"><\/span>\n\t\t\t\t<span class=\"elementor-counter-number\" data-duration=\"2000\" data-to-value=\"60\" data-from-value=\"0\" data-delimiter=\",\">0<\/span>\n\t\t\t\t<span class=\"elementor-counter-number-suffix\">+<\/span>\n\t\t\t<\/div>\n\t\t<\/div>\n\t\t\t\t\t\t<\/div>\n\t\t\t\t<div class=\"elementor-element elementor-element-f5deae2 elementor-widget elementor-widget-text-editor\" data-id=\"f5deae2\" data-element_type=\"widget\" data-e-type=\"widget\" data-widget_type=\"text-editor.default\">\n\t\t\t\t\t\t\t\t\t<p>Wir haben \u00fcber 60 gro\u00dfartige Teammitglieder, die mit uns zusammenarbeiten!<\/p>\t\t\t\t\t\t\t\t<\/div>\n\t\t\t\t<\/div>\n\t\t\t\t<\/div>\n\t\t\t\t\t<\/div>\n\t\t\t\t<\/div>\n\t\t<div class=\"elementor-element elementor-element-44904f3 e-flex e-con-boxed e-con e-parent\" data-id=\"44904f3\" data-element_type=\"container\" data-e-type=\"container\">\n\t\t\t\t\t<div class=\"e-con-inner\">\n\t\t<div class=\"elementor-element elementor-element-5443c82 e-con-full e-flex e-con e-child\" data-id=\"5443c82\" data-element_type=\"container\" data-e-type=\"container\">\n\t\t\t\t<div class=\"elementor-element elementor-element-0c7bd63 elementor-widget elementor-widget-image\" data-id=\"0c7bd63\" data-element_type=\"widget\" data-e-type=\"widget\" data-widget_type=\"image.default\">\n\t\t\t\t\t\t\t\t\t\t\t\t\t\t\t<img decoding=\"async\" width=\"1024\" height=\"683\" src=\"https:\/\/isufi.com\/wp-content\/uploads\/2025\/02\/7486638c2a9e35b54832da731d462042.webp\" class=\"attachment-large size-large wp-image-477\" alt=\"\" srcset=\"https:\/\/isufi.com\/wp-content\/uploads\/2025\/02\/7486638c2a9e35b54832da731d462042.webp 2432w, https:\/\/isufi.com\/wp-content\/uploads\/2025\/02\/7486638c2a9e35b54832da731d462042-1620x1080.webp 1620w, https:\/\/isufi.com\/wp-content\/uploads\/2025\/02\/7486638c2a9e35b54832da731d462042-1013x675.webp 1013w, https:\/\/isufi.com\/wp-content\/uploads\/2025\/02\/7486638c2a9e35b54832da731d462042-648x432.webp 648w\" sizes=\"(max-width: 1024px) 100vw, 1024px\" \/>\t\t\t\t\t\t\t\t\t\t\t\t\t\t\t<\/div>\n\t\t\t\t<\/div>\n\t\t<div class=\"elementor-element elementor-element-3fee2cc e-con-full e-flex e-con e-child\" data-id=\"3fee2cc\" data-element_type=\"container\" data-e-type=\"container\">\n\t\t<div class=\"elementor-element elementor-element-aa63902 e-con-full e-flex e-con e-child\" data-id=\"aa63902\" data-element_type=\"container\" data-e-type=\"container\" data-settings=\"{&quot;background_background&quot;:&quot;classic&quot;}\">\n\t\t<div class=\"elementor-element elementor-element-d338d62 e-con-full e-flex e-con e-child\" data-id=\"d338d62\" data-element_type=\"container\" data-e-type=\"container\" data-settings=\"{&quot;background_background&quot;:&quot;classic&quot;}\">\n\t\t\t\t<div class=\"elementor-element elementor-element-662bd83 elementor-widget elementor-widget-heading\" data-id=\"662bd83\" data-element_type=\"widget\" data-e-type=\"widget\" data-widget_type=\"heading.default\">\n\t\t\t\t\t<h6 class=\"elementor-heading-title elementor-size-default\">Unsere Geschichte<\/h6>\t\t\t\t<\/div>\n\t\t\t\t<\/div>\n\t\t\t\t<\/div>\n\t\t\t\t<div class=\"elementor-element elementor-element-d3232dc elementor-widget elementor-widget-heading\" data-id=\"d3232dc\" data-element_type=\"widget\" data-e-type=\"widget\" data-widget_type=\"heading.default\">\n\t\t\t\t\t<h4 class=\"elementor-heading-title elementor-size-default\">Unsere wichtigsten Kunden<\/h4>\t\t\t\t<\/div>\n\t\t\t\t<div class=\"elementor-element elementor-element-178895f elementor-widget elementor-widget-text-editor\" data-id=\"178895f\" data-element_type=\"widget\" data-e-type=\"widget\" data-widget_type=\"text-editor.default\">\n\t\t\t\t\t\t\t\t\t<p>Im Laufe der Jahre haben wir in einer Vielzahl von Branchen hochwertige Geb\u00e4udedienstleistungen erbracht &#8211; von der Architektur, dem Bauwesen und dem Gesundheitswesen bis hin zu \u00f6ffentlichen Einrichtungen, Unternehmensb\u00fcros und sensiblen Umgebungen wie Rechenzentren.<br><br>Unabh\u00e4ngig von der Branche setzen wir uns bei jedem Projekt mit dem gleichen Engagement f\u00fcr Sicherheit, Einhaltung von Vorschriften und betriebliche Spitzenleistungen ein.<\/p>\t\t\t\t\t\t\t\t<\/div>\n\t\t\t\t<div class=\"elementor-element elementor-element-794f3d7 elementor-button-dark elementor-widget elementor-widget-button\" data-id=\"794f3d7\" data-element_type=\"widget\" data-e-type=\"widget\" data-widget_type=\"button.default\">\n\t\t\t\t\t\t\t\t\t\t<a class=\"elementor-button elementor-button-link elementor-size-sm\" href=\"https:\/\/isufi.com\/de\/alle-services\/\">\n\t\t\t\t\t\t<span class=\"elementor-button-content-wrapper\">\n\t\t\t\t\t\t\t\t\t<span class=\"elementor-button-text\">Dienstleistungen<\/span>\n\t\t\t\t\t<\/span>\n\t\t\t\t\t<\/a>\n\t\t\t\t\t\t\t\t<\/div>\n\t\t\t\t<\/div>\n\t\t\t\t\t<\/div>\n\t\t\t\t<\/div>\n\t\t<div class=\"elementor-element elementor-element-8fe42e8 e-flex e-con-boxed e-con e-parent\" data-id=\"8fe42e8\" data-element_type=\"container\" data-e-type=\"container\">\n\t\t\t\t\t<div class=\"e-con-inner\">\n\t\t<div class=\"elementor-element elementor-element-1a2875a e-con-full e-flex e-con e-child\" data-id=\"1a2875a\" data-element_type=\"container\" data-e-type=\"container\">\n\t\t<div class=\"elementor-element elementor-element-99b82ee e-con-full e-flex e-con e-child\" data-id=\"99b82ee\" data-element_type=\"container\" data-e-type=\"container\" data-settings=\"{&quot;background_background&quot;:&quot;classic&quot;}\">\n\t\t<div class=\"elementor-element elementor-element-7ed793f e-con-full e-flex e-con e-child\" data-id=\"7ed793f\" data-element_type=\"container\" data-e-type=\"container\" data-settings=\"{&quot;background_background&quot;:&quot;classic&quot;}\">\n\t\t\t\t<div class=\"elementor-element elementor-element-f8abfe3 elementor-widget elementor-widget-heading\" data-id=\"f8abfe3\" data-element_type=\"widget\" data-e-type=\"widget\" data-widget_type=\"heading.default\">\n\t\t\t\t\t<h6 class=\"elementor-heading-title elementor-size-default\">Jobs<\/h6>\t\t\t\t<\/div>\n\t\t\t\t<\/div>\n\t\t\t\t<\/div>\n\t\t\t\t<div class=\"elementor-element elementor-element-4b5d599 elementor-widget elementor-widget-heading\" data-id=\"4b5d599\" data-element_type=\"widget\" data-e-type=\"widget\" data-widget_type=\"heading.default\">\n\t\t\t\t\t<h4 class=\"elementor-heading-title elementor-size-default\">Werden Sie Teil unseres Teams<\/h4>\t\t\t\t<\/div>\n\t\t\t\t<div class=\"elementor-element elementor-element-6eacc1b elementor-widget elementor-widget-text-editor\" data-id=\"6eacc1b\" data-element_type=\"widget\" data-e-type=\"widget\" data-widget_type=\"text-editor.default\">\n\t\t\t\t\t\t\t\t\t<p>Wir sind immer auf der Suche nach motivierten Mitarbeitern f\u00fcr unser wachsendes Team &#8211; in verschiedenen Bereichen der Geb\u00e4udedienstleistungen. Ganz gleich, ob Sie ein erfahrener Profi sind oder Ihre Karriere gerade erst beginnen, wir bieten Ihnen eine gr\u00fcndliche Ausbildung und kontinuierliche Unterst\u00fctzung, um Ihnen zum Erfolg zu verhelfen.<br \/>Wenn Sie in Englisch oder Deutsch kommunizieren k\u00f6nnen und sich f\u00fcr Qualit\u00e4t und Zuverl\u00e4ssigkeit einsetzen, w\u00fcrden wir uns freuen, von Ihnen zu h\u00f6ren.<br \/><br \/>Senden Sie Ihre Bewerbung an <a href=\"mailto:jobs@isufi.com\">jobs@isufi.com<\/a> und starten Sie Ihre Reise mit ISUFI.<\/p>\t\t\t\t\t\t\t\t<\/div>\n\t\t\t\t<\/div>\n\t\t<div class=\"elementor-element elementor-element-39fbd80 e-con-full e-flex e-con e-child\" data-id=\"39fbd80\" data-element_type=\"container\" data-e-type=\"container\">\n\t\t\t\t<div class=\"elementor-element elementor-element-f416488 elementor-widget elementor-widget-image\" data-id=\"f416488\" data-element_type=\"widget\" data-e-type=\"widget\" data-widget_type=\"image.default\">\n\t\t\t\t\t\t\t\t\t\t\t\t\t\t\t<img decoding=\"async\" width=\"1024\" height=\"682\" src=\"https:\/\/isufi.com\/wp-content\/uploads\/2025\/02\/9ab01ecbda00e9c1f18702e8ca0e94c1.webp\" class=\"attachment-large size-large wp-image-491\" alt=\"\" srcset=\"https:\/\/isufi.com\/wp-content\/uploads\/2025\/02\/9ab01ecbda00e9c1f18702e8ca0e94c1.webp 2000w, https:\/\/isufi.com\/wp-content\/uploads\/2025\/02\/9ab01ecbda00e9c1f18702e8ca0e94c1-1620x1080.webp 1620w, https:\/\/isufi.com\/wp-content\/uploads\/2025\/02\/9ab01ecbda00e9c1f18702e8ca0e94c1-1013x675.webp 1013w, https:\/\/isufi.com\/wp-content\/uploads\/2025\/02\/9ab01ecbda00e9c1f18702e8ca0e94c1-648x432.webp 648w\" sizes=\"(max-width: 1024px) 100vw, 1024px\" \/>\t\t\t\t\t\t\t\t\t\t\t\t\t\t\t<\/div>\n\t\t\t\t<\/div>\n\t\t\t\t\t<\/div>\n\t\t\t\t<\/div>\n\t\t<div class=\"elementor-element elementor-element-38a32db e-flex e-con-boxed e-con e-parent\" data-id=\"38a32db\" data-element_type=\"container\" data-e-type=\"container\" data-settings=\"{&quot;background_background&quot;:&quot;classic&quot;}\">\n\t\t\t\t\t<div class=\"e-con-inner\">\n\t\t<div class=\"elementor-element elementor-element-b904b21 e-con-full e-flex e-con e-child\" data-id=\"b904b21\" data-element_type=\"container\" data-e-type=\"container\">\n\t\t\t\t<div class=\"elementor-element elementor-element-e54ed8c elementor-widget elementor-widget-heading\" data-id=\"e54ed8c\" data-element_type=\"widget\" data-e-type=\"widget\" data-widget_type=\"heading.default\">\n\t\t\t\t\t<h3 class=\"elementor-heading-title elementor-size-default\">Entdecken Sie den ISUFI-Vorteil, wo Exzellenz den Fortschritt vorantreibt!<\/h3>\t\t\t\t<\/div>\n\t\t\t\t<div class=\"elementor-element elementor-element-785e684 elementor-widget elementor-widget-text-editor\" data-id=\"785e684\" data-element_type=\"widget\" data-e-type=\"widget\" data-widget_type=\"text-editor.default\">\n\t\t\t\t\t\t\t\t\t<p>Ob Sie ein lokales Unternehmen oder Teil eines globalen Konzerns sind, wir bieten Ihnen au\u00dfergew\u00f6hnliche und flexible Dienstleistungen, die auf Ihre Bed\u00fcrfnisse zugeschnitten sind.<\/p>\t\t\t\t\t\t\t\t<\/div>\n\t\t\t\t<div class=\"elementor-element elementor-element-6ae7dde elementor-button-dark elementor-widget elementor-widget-button\" data-id=\"6ae7dde\" data-element_type=\"widget\" data-e-type=\"widget\" data-widget_type=\"button.default\">\n\t\t\t\t\t\t\t\t\t\t<a class=\"elementor-button elementor-button-link elementor-size-sm\" href=\"https:\/\/isufi.com\/de\/kontaktieren-sie-uns\/\">\n\t\t\t\t\t\t<span class=\"elementor-button-content-wrapper\">\n\t\t\t\t\t\t\t\t\t<span class=\"elementor-button-text\">Beratung anfordern<\/span>\n\t\t\t\t\t<\/span>\n\t\t\t\t\t<\/a>\n\t\t\t\t\t\t\t\t<\/div>\n\t\t\t\t<\/div>\n\t\t<div class=\"elementor-element elementor-element-350c704 e-con-full e-flex e-con e-child\" data-id=\"350c704\" data-element_type=\"container\" data-e-type=\"container\">\n\t\t\t\t<div class=\"elementor-element elementor-element-dcb8750 elementor-widget__width-initial elementor-widget elementor-widget-heading\" data-id=\"dcb8750\" data-element_type=\"widget\" data-e-type=\"widget\" data-widget_type=\"heading.default\">\n\t\t\t\t\t<h3 class=\"elementor-heading-title elementor-size-default\">Lassen Sie uns Ihren Raum mit unserer fachm\u00e4nnischen Note versch\u00f6nern!<\/h3>\t\t\t\t<\/div>\n\t\t\t\t<div class=\"elementor-element elementor-element-08d16dc e-transform elementor-widget elementor-widget-image\" data-id=\"08d16dc\" data-element_type=\"widget\" data-e-type=\"widget\" data-settings=\"{&quot;_transform_translateX_effect&quot;:{&quot;unit&quot;:&quot;px&quot;,&quot;size&quot;:-57,&quot;sizes&quot;:[]},&quot;_transform_translateX_effect_tablet&quot;:{&quot;unit&quot;:&quot;px&quot;,&quot;size&quot;:&quot;&quot;,&quot;sizes&quot;:[]},&quot;_transform_translateX_effect_mobile&quot;:{&quot;unit&quot;:&quot;px&quot;,&quot;size&quot;:&quot;&quot;,&quot;sizes&quot;:[]},&quot;_transform_translateY_effect&quot;:{&quot;unit&quot;:&quot;px&quot;,&quot;size&quot;:&quot;&quot;,&quot;sizes&quot;:[]},&quot;_transform_translateY_effect_tablet&quot;:{&quot;unit&quot;:&quot;px&quot;,&quot;size&quot;:&quot;&quot;,&quot;sizes&quot;:[]},&quot;_transform_translateY_effect_mobile&quot;:{&quot;unit&quot;:&quot;px&quot;,&quot;size&quot;:&quot;&quot;,&quot;sizes&quot;:[]}}\" data-widget_type=\"image.default\">\n\t\t\t\t\t\t\t\t\t\t\t\t\t\t\t<img loading=\"lazy\" decoding=\"async\" width=\"246\" height=\"116\" src=\"https:\/\/isufi.com\/wp-content\/uploads\/2025\/08\/Stars.webp\" class=\"attachment-large size-large wp-image-1350\" alt=\"\" \/>\t\t\t\t\t\t\t\t\t\t\t\t\t\t\t<\/div>\n\t\t\t\t<\/div>\n\t\t\t\t\t<\/div>\n\t\t\t\t<\/div>\n\t\t\t\t<\/div>\n\t\t","protected":false},"excerpt":{"rendered":"<p>Unsere Geschichte ISUFI wurde 2004 als Ein-Mann-Reinigungsunternehmen gegr\u00fcndet und hat sich zu einem zuverl\u00e4ssigen Anbieter von Geb\u00e4udedienstleistungen mit \u00fcber 50 engagierten Mitarbeitern entwickelt. Seit mehr als 20 Jahren liefern wir hochwertige, flexible und sichere L\u00f6sungen f\u00fcr eine Vielzahl von Kunden &#8211; von f\u00fchrenden Betreibern von Rechenzentren und weltweit t\u00e4tigen Unternehmen bis hin zu Architekten, medizinischen [&hellip;]<\/p>\n","protected":false},"author":1,"featured_media":465,"parent":0,"menu_order":0,"comment_status":"closed","ping_status":"closed","template":"","meta":{"_acf_changed":false,"inline_featured_image":false,"footnotes":""},"class_list":["post-1890","page","type-page","status-publish","has-post-thumbnail","hentry"],"acf":[],"_links":{"self":[{"href":"https:\/\/isufi.com\/de\/wp-json\/wp\/v2\/pages\/1890","targetHints":{"allow":["GET"]}}],"collection":[{"href":"https:\/\/isufi.com\/de\/wp-json\/wp\/v2\/pages"}],"about":[{"href":"https:\/\/isufi.com\/de\/wp-json\/wp\/v2\/types\/page"}],"author":[{"embeddable":true,"href":"https:\/\/isufi.com\/de\/wp-json\/wp\/v2\/users\/1"}],"replies":[{"embeddable":true,"href":"https:\/\/isufi.com\/de\/wp-json\/wp\/v2\/comments?post=1890"}],"version-history":[{"count":9,"href":"https:\/\/isufi.com\/de\/wp-json\/wp\/v2\/pages\/1890\/revisions"}],"predecessor-version":[{"id":2162,"href":"https:\/\/isufi.com\/de\/wp-json\/wp\/v2\/pages\/1890\/revisions\/2162"}],"wp:featuredmedia":[{"embeddable":true,"href":"https:\/\/isufi.com\/de\/wp-json\/wp\/v2\/media\/465"}],"wp:attachment":[{"href":"https:\/\/isufi.com\/de\/wp-json\/wp\/v2\/media?parent=1890"}],"curies":[{"name":"wp","href":"https:\/\/api.w.org\/{rel}","templated":true}]}}